{"id":3,"date":"2022-09-08T15:03:26","date_gmt":"2022-09-08T15:03:26","guid":{"rendered":"https:\/\/cineclubpuentes.com\/?page_id=3"},"modified":"2022-09-21T10:27:33","modified_gmt":"2022-09-21T10:27:33","slug":"privacy-policy","status":"publish","type":"page","link":"https:\/\/cineclubpuentes.com\/index.php\/privacy-policy\/","title":{"rendered":"Privacy Policy"},"content":{"rendered":"\t\t<div data-elementor-type=\"wp-page\" data-elementor-id=\"3\" class=\"elementor elementor-3\">\n\t\t\t\t\t\t\t\t\t<section class=\"elementor-section elementor-top-section elementor-element elementor-element-6c36a998 elementor-section-boxed elementor-section-height-default elementor-section-height-default\" data-id=\"6c36a998\" data-element_type=\"section\">\n\t\t\t\t\t\t<div class=\"elementor-container elementor-column-gap-default\">\n\t\t\t\t\t<div class=\"elementor-column elementor-col-100 elementor-top-column elementor-element elementor-element-6bbb1f7\" data-id=\"6bbb1f7\" data-element_type=\"column\">\n\t\t\t<div class=\"elementor-widget-wrap elementor-element-populated\">\n\t\t\t\t\t\t\t\t<div class=\"elementor-element elementor-element-8a0b467 elementor-widget elementor-widget-text-editor\" data-id=\"8a0b467\" data-element_type=\"widget\" data-widget_type=\"text-editor.default\">\n\t\t\t\t<div class=\"elementor-widget-container\">\n\t\t\t<style>\/*! elementor - v3.11.5 - 14-03-2023 *\/\n.elementor-widget-text-editor.elementor-drop-cap-view-stacked .elementor-drop-cap{background-color:#818a91;color:#fff}.elementor-widget-text-editor.elementor-drop-cap-view-framed .elementor-drop-cap{color:#818a91;border:3px solid;background-color:transparent}.elementor-widget-text-editor:not(.elementor-drop-cap-view-default) .elementor-drop-cap{margin-top:8px}.elementor-widget-text-editor:not(.elementor-drop-cap-view-default) .elementor-drop-cap-letter{width:1em;height:1em}.elementor-widget-text-editor .elementor-drop-cap{float:left;text-align:center;line-height:1;font-size:50px}.elementor-widget-text-editor .elementor-drop-cap-letter{display:inline-block}<\/style>\t\t\t\t\t\t\t\t\t\t<\/div>\n\t\t\t\t<\/div>\n\t\t\t\t\t<\/div>\n\t\t<\/div>\n\t\t\t\t\t\t\t<\/div>\n\t\t<\/section>\n\t\t\t\t\t\t\t<\/div>\n\t\t","protected":false},"excerpt":{"rendered":"","protected":false},"author":1,"featured_media":0,"parent":0,"menu_order":0,"comment_status":"closed","ping_status":"open","template":"page-templates\/template-pagebuilder-full-width.php","meta":{"om_disable_all_campaigns":false,"_mi_skip_tracking":false,"neve_meta_sidebar":"","neve_meta_container":"","neve_meta_enable_content_width":"","neve_meta_content_width":0,"neve_meta_title_alignment":"","neve_meta_author_avatar":"","neve_post_elements_order":"","neve_meta_disable_header":"","neve_meta_disable_footer":"","neve_meta_disable_title":"","_themeisle_gutenberg_block_has_review":false,"footnotes":""},"yoast_head":"<!-- This site is optimized with the Yoast SEO plugin v20.3 - https:\/\/yoast.com\/wordpress\/plugins\/seo\/ -->\n<title>Privacy Policy - CCP<\/title>\n<meta name=\"description\" content=\"Protecci\u00f3n de datos de car\u00e1cter personal seg\u00fan la LOPDDD. Cine club cuenta con su pol\u00edtica de privacidad respetando las normas Europeas.\" \/>\n<meta name=\"robots\" content=\"index, follow, max-snippet:-1, max-image-preview:large, max-video-preview:-1\" \/>\n<link rel=\"canonical\" href=\"https:\/\/cineclubpuentes.com\/index.php\/privacy-policy\/\" \/>\n<meta property=\"og:locale\" content=\"es_ES\" \/>\n<meta property=\"og:type\" content=\"article\" \/>\n<meta property=\"og:title\" content=\"Privacy Policy - CCP\" \/>\n<meta property=\"og:description\" content=\"Protecci\u00f3n de datos de car\u00e1cter personal seg\u00fan la LOPDDD. Cine club cuenta con su pol\u00edtica de privacidad respetando las normas Europeas.\" \/>\n<meta property=\"og:url\" content=\"https:\/\/cineclubpuentes.com\/index.php\/privacy-policy\/\" \/>\n<meta property=\"og:site_name\" content=\"CCP\" \/>\n<meta property=\"article:modified_time\" content=\"2022-09-21T10:27:33+00:00\" \/>\n<meta name=\"twitter:card\" content=\"summary_large_image\" \/>\n<script type=\"application\/ld+json\" class=\"yoast-schema-graph\">{\"@context\":\"https:\/\/schema.org\",\"@graph\":[{\"@type\":\"WebPage\",\"@id\":\"https:\/\/cineclubpuentes.com\/index.php\/privacy-policy\/\",\"url\":\"https:\/\/cineclubpuentes.com\/index.php\/privacy-policy\/\",\"name\":\"Privacy Policy - CCP\",\"isPartOf\":{\"@id\":\"https:\/\/cineclubpuentes.com\/#website\"},\"datePublished\":\"2022-09-08T15:03:26+00:00\",\"dateModified\":\"2022-09-21T10:27:33+00:00\",\"description\":\"Protecci\u00f3n de datos de car\u00e1cter personal seg\u00fan la LOPDDD. Cine club cuenta con su pol\u00edtica de privacidad respetando las normas Europeas.\",\"breadcrumb\":{\"@id\":\"https:\/\/cineclubpuentes.com\/index.php\/privacy-policy\/#breadcrumb\"},\"inLanguage\":\"es\",\"potentialAction\":[{\"@type\":\"ReadAction\",\"target\":[\"https:\/\/cineclubpuentes.com\/index.php\/privacy-policy\/\"]}]},{\"@type\":\"BreadcrumbList\",\"@id\":\"https:\/\/cineclubpuentes.com\/index.php\/privacy-policy\/#breadcrumb\",\"itemListElement\":[{\"@type\":\"ListItem\",\"position\":1,\"name\":\"Portada\",\"item\":\"https:\/\/cineclubpuentes.com\/\"},{\"@type\":\"ListItem\",\"position\":2,\"name\":\"Privacy Policy\"}]},{\"@type\":\"WebSite\",\"@id\":\"https:\/\/cineclubpuentes.com\/#website\",\"url\":\"https:\/\/cineclubpuentes.com\/\",\"name\":\"CCP\",\"description\":\"Cine Club Puentes\",\"publisher\":{\"@id\":\"https:\/\/cineclubpuentes.com\/#organization\"},\"potentialAction\":[{\"@type\":\"SearchAction\",\"target\":{\"@type\":\"EntryPoint\",\"urlTemplate\":\"https:\/\/cineclubpuentes.com\/?s={search_term_string}\"},\"query-input\":\"required name=search_term_string\"}],\"inLanguage\":\"es\"},{\"@type\":\"Organization\",\"@id\":\"https:\/\/cineclubpuentes.com\/#organization\",\"name\":\"CCP\",\"url\":\"https:\/\/cineclubpuentes.com\/\",\"logo\":{\"@type\":\"ImageObject\",\"inLanguage\":\"es\",\"@id\":\"https:\/\/cineclubpuentes.com\/#\/schema\/logo\/image\/\",\"url\":\"https:\/\/cineclubpuentes.com\/wp-content\/uploads\/2022\/09\/logo-agency.png\",\"contentUrl\":\"https:\/\/cineclubpuentes.com\/wp-content\/uploads\/2022\/09\/logo-agency.png\",\"width\":200,\"height\":200,\"caption\":\"CCP\"},\"image\":{\"@id\":\"https:\/\/cineclubpuentes.com\/#\/schema\/logo\/image\/\"}}]}<\/script>\n<!-- \/ Yoast SEO plugin. -->","yoast_head_json":{"title":"Privacy Policy - CCP","description":"Protecci\u00f3n de datos de car\u00e1cter personal seg\u00fan la LOPDDD. Cine club cuenta con su pol\u00edtica de privacidad respetando las normas Europeas.","robots":{"index":"index","follow":"follow","max-snippet":"max-snippet:-1","max-image-preview":"max-image-preview:large","max-video-preview":"max-video-preview:-1"},"canonical":"https:\/\/cineclubpuentes.com\/index.php\/privacy-policy\/","og_locale":"es_ES","og_type":"article","og_title":"Privacy Policy - CCP","og_description":"Protecci\u00f3n de datos de car\u00e1cter personal seg\u00fan la LOPDDD. Cine club cuenta con su pol\u00edtica de privacidad respetando las normas Europeas.","og_url":"https:\/\/cineclubpuentes.com\/index.php\/privacy-policy\/","og_site_name":"CCP","article_modified_time":"2022-09-21T10:27:33+00:00","twitter_card":"summary_large_image","schema":{"@context":"https:\/\/schema.org","@graph":[{"@type":"WebPage","@id":"https:\/\/cineclubpuentes.com\/index.php\/privacy-policy\/","url":"https:\/\/cineclubpuentes.com\/index.php\/privacy-policy\/","name":"Privacy Policy - CCP","isPartOf":{"@id":"https:\/\/cineclubpuentes.com\/#website"},"datePublished":"2022-09-08T15:03:26+00:00","dateModified":"2022-09-21T10:27:33+00:00","description":"Protecci\u00f3n de datos de car\u00e1cter personal seg\u00fan la LOPDDD. Cine club cuenta con su pol\u00edtica de privacidad respetando las normas Europeas.","breadcrumb":{"@id":"https:\/\/cineclubpuentes.com\/index.php\/privacy-policy\/#breadcrumb"},"inLanguage":"es","potentialAction":[{"@type":"ReadAction","target":["https:\/\/cineclubpuentes.com\/index.php\/privacy-policy\/"]}]},{"@type":"BreadcrumbList","@id":"https:\/\/cineclubpuentes.com\/index.php\/privacy-policy\/#breadcrumb","itemListElement":[{"@type":"ListItem","position":1,"name":"Portada","item":"https:\/\/cineclubpuentes.com\/"},{"@type":"ListItem","position":2,"name":"Privacy Policy"}]},{"@type":"WebSite","@id":"https:\/\/cineclubpuentes.com\/#website","url":"https:\/\/cineclubpuentes.com\/","name":"CCP","description":"Cine Club Puentes","publisher":{"@id":"https:\/\/cineclubpuentes.com\/#organization"},"potentialAction":[{"@type":"SearchAction","target":{"@type":"EntryPoint","urlTemplate":"https:\/\/cineclubpuentes.com\/?s={search_term_string}"},"query-input":"required name=search_term_string"}],"inLanguage":"es"},{"@type":"Organization","@id":"https:\/\/cineclubpuentes.com\/#organization","name":"CCP","url":"https:\/\/cineclubpuentes.com\/","logo":{"@type":"ImageObject","inLanguage":"es","@id":"https:\/\/cineclubpuentes.com\/#\/schema\/logo\/image\/","url":"https:\/\/cineclubpuentes.com\/wp-content\/uploads\/2022\/09\/logo-agency.png","contentUrl":"https:\/\/cineclubpuentes.com\/wp-content\/uploads\/2022\/09\/logo-agency.png","width":200,"height":200,"caption":"CCP"},"image":{"@id":"https:\/\/cineclubpuentes.com\/#\/schema\/logo\/image\/"}}]}},"_links":{"self":[{"href":"https:\/\/cineclubpuentes.com\/index.php\/wp-json\/wp\/v2\/pages\/3"}],"collection":[{"href":"https:\/\/cineclubpuentes.com\/index.php\/wp-json\/wp\/v2\/pages"}],"about":[{"href":"https:\/\/cineclubpuentes.com\/index.php\/wp-json\/wp\/v2\/types\/page"}],"author":[{"embeddable":true,"href":"https:\/\/cineclubpuentes.com\/index.php\/wp-json\/wp\/v2\/users\/1"}],"replies":[{"embeddable":true,"href":"https:\/\/cineclubpuentes.com\/index.php\/wp-json\/wp\/v2\/comments?post=3"}],"version-history":[{"count":1,"href":"https:\/\/cineclubpuentes.com\/index.php\/wp-json\/wp\/v2\/pages\/3\/revisions"}],"predecessor-version":[{"id":493,"href":"https:\/\/cineclubpuentes.com\/index.php\/wp-json\/wp\/v2\/pages\/3\/revisions\/493"}],"wp:attachment":[{"href":"https:\/\/cineclubpuentes.com\/index.php\/wp-json\/wp\/v2\/media?parent=3"}],"curies":[{"name":"wp","href":"https:\/\/api.w.org\/{rel}","templated":true}]}}